{"id":98,"date":"2015-02-26T04:26:41","date_gmt":"2015-02-26T04:26:41","guid":{"rendered":"http:\/\/www.ivic.hr\/?page_id=98"},"modified":"2023-09-11T14:10:08","modified_gmt":"2023-09-11T14:10:08","slug":"vjencanje-na-otvorenom-zapresic","status":"publish","type":"page","link":"https:\/\/www.ivic.hr\/?page_id=98","title":{"rendered":"Vjen\u010danje na otvorenom LADU\u010c"},"content":{"rendered":"<div id=\"pl-98\"  class=\"panel-layout\" ><div id=\"pg-98-0\"  class=\"panel-grid panel-no-style\" ><div id=\"pgc-98-0-0\"  class=\"panel-grid-cell\" ><div id=\"panel-98-0-0-0\" class=\"so-panel widget widget_rev-slider-widget widget_revslider panel-first-child panel-last-child\" data-index=\"0\" >\n<div id=\"rev_slider_6_1_wrapper\" class=\"rev_slider_wrapper fullwidthbanner-container\" style=\"margin:0px auto;background-color:transparent;padding:0px;margin-top:0px;margin-bottom:0px;\">\n<!-- START REVOLUTION SLIDER 5.0.9 fullwidth mode -->\n\t<div id=\"rev_slider_6_1\" class=\"rev_slider fullwidthabanner\" style=\"display:none;\" data-version=\"5.0.9\">\n<ul>\t<!-- SLIDE  -->\n\t<li data-index=\"rs-133\" data-transition=\"random\" data-slotamount=\"7\"  data-easein=\"default\" data-easeout=\"default\" data-masterspeed=\"300\"  data-thumb=\"https:\/\/www.ivic.hr\/wp-content\/uploads\/2017\/11\/Pogled-laduc-maka-80x40.jpg\"  data-rotate=\"0\"  data-saveperformance=\"off\"  data-title=\"Slide\" data-description=\"\">\n\t\t<!-- MAIN IMAGE -->\n\t\t<img src=\"https:\/\/www.ivic.hr\/wp-content\/uploads\/2017\/11\/Pogled-laduc-maka.jpg\"  alt=\"\"  width=\"1600\" height=\"622\" data-bgposition=\"center center\" data-bgfit=\"cover\" data-bgrepeat=\"no-repeat\" class=\"rev-slidebg\" data-no-retina>\n\t\t<!-- LAYERS -->\n\t<\/li>\n\t<!-- SLIDE  -->\n\t<li data-index=\"rs-134\" data-transition=\"random\" data-slotamount=\"7\"  data-easein=\"default\" data-easeout=\"default\" data-masterspeed=\"300\"  data-thumb=\"https:\/\/www.ivic.hr\/wp-content\/uploads\/2017\/11\/Mladenacki-stol-laduc-80x40.jpg\"  data-rotate=\"0\"  data-saveperformance=\"off\"  data-title=\"Slide\" data-description=\"\">\n\t\t<!-- MAIN IMAGE -->\n\t\t<img src=\"https:\/\/www.ivic.hr\/wp-content\/uploads\/2017\/11\/Mladenacki-stol-laduc.jpg\"  alt=\"\"  width=\"1600\" height=\"622\" data-bgposition=\"center center\" data-bgfit=\"cover\" data-bgrepeat=\"no-repeat\" class=\"rev-slidebg\" data-no-retina>\n\t\t<!-- LAYERS -->\n\t<\/li>\n\t<!-- SLIDE  -->\n\t<li data-index=\"rs-130\" data-transition=\"fade\" data-slotamount=\"default\"  data-easein=\"default\" data-easeout=\"default\" data-masterspeed=\"default\"  data-thumb=\"https:\/\/www.ivic.hr\/wp-content\/uploads\/2016\/09\/Laduc-s-pagodom-obradjeno-80x40.jpg\"  data-rotate=\"0\"  data-saveperformance=\"off\"  data-title=\"Slide\" data-description=\"\">\n\t\t<!-- MAIN IMAGE -->\n\t\t<img src=\"https:\/\/www.ivic.hr\/wp-content\/uploads\/2016\/09\/Laduc-s-pagodom-obradjeno.jpg\"  alt=\"\"  width=\"1400\" height=\"544\" data-bgposition=\"center center\" data-bgfit=\"cover\" data-bgrepeat=\"no-repeat\" class=\"rev-slidebg\" data-no-retina>\n\t\t<!-- LAYERS -->\n\t<\/li>\n\t<!-- SLIDE  -->\n\t<li data-index=\"rs-51\" data-transition=\"random\" data-slotamount=\"7\"  data-easein=\"default\" data-easeout=\"default\" data-masterspeed=\"300\"  data-thumb=\"https:\/\/www.ivic.hr\/wp-content\/uploads\/2015\/10\/RuzicaKristijan-0626-80x40.jpg\"  data-rotate=\"0\"  data-saveperformance=\"off\"  data-title=\"Slide\" data-description=\"\">\n\t\t<!-- MAIN IMAGE -->\n\t\t<img src=\"https:\/\/www.ivic.hr\/wp-content\/uploads\/2015\/10\/RuzicaKristijan-0626.jpg\"  alt=\"\"  width=\"1700\" height=\"654\" data-bgposition=\"center center\" data-bgfit=\"cover\" data-bgrepeat=\"no-repeat\" class=\"rev-slidebg\" data-no-retina>\n\t\t<!-- LAYERS -->\n\t<\/li>\n\t<!-- SLIDE  -->\n\t<li data-index=\"rs-48\" data-transition=\"random\" data-slotamount=\"7\"  data-easein=\"default\" data-easeout=\"default\" data-masterspeed=\"300\"  data-thumb=\"https:\/\/www.ivic.hr\/wp-content\/uploads\/2015\/10\/RuzicaKristijan-0481-80x40.jpg\"  data-rotate=\"0\"  data-saveperformance=\"off\"  data-title=\"Slide\" data-description=\"\">\n\t\t<!-- MAIN IMAGE -->\n\t\t<img src=\"https:\/\/www.ivic.hr\/wp-content\/uploads\/2015\/10\/RuzicaKristijan-0481.jpg\"  alt=\"\"  width=\"1700\" height=\"654\" data-bgposition=\"center center\" data-bgfit=\"cover\" data-bgrepeat=\"no-repeat\" class=\"rev-slidebg\" data-no-retina>\n\t\t<!-- LAYERS -->\n\t<\/li>\n\t<!-- SLIDE  -->\n\t<li data-index=\"rs-55\" data-transition=\"random\" data-slotamount=\"7\"  data-easein=\"default\" data-easeout=\"default\" data-masterspeed=\"300\"  data-thumb=\"https:\/\/www.ivic.hr\/wp-content\/uploads\/2015\/10\/20140712_1602191-80x40.jpg\"  data-rotate=\"0\"  data-saveperformance=\"off\"  data-title=\"Slide\" data-description=\"\">\n\t\t<!-- MAIN IMAGE -->\n\t\t<img src=\"https:\/\/www.ivic.hr\/wp-content\/uploads\/2015\/10\/20140712_1602191.jpg\"  alt=\"\"  width=\"1400\" height=\"539\" data-bgposition=\"center center\" data-bgfit=\"cover\" data-bgrepeat=\"no-repeat\" class=\"rev-slidebg\" data-no-retina>\n\t\t<!-- LAYERS -->\n\t<\/li>\n\t<!-- SLIDE  -->\n\t<li data-index=\"rs-56\" data-transition=\"random\" data-slotamount=\"7\"  data-easein=\"default\" data-easeout=\"default\" data-masterspeed=\"300\"  data-thumb=\"https:\/\/www.ivic.hr\/wp-content\/uploads\/2015\/10\/20140712_1602551-80x40.jpg\"  data-rotate=\"0\"  data-saveperformance=\"off\"  data-title=\"Slide\" data-description=\"\">\n\t\t<!-- MAIN IMAGE -->\n\t\t<img src=\"https:\/\/www.ivic.hr\/wp-content\/uploads\/2015\/10\/20140712_1602551.jpg\"  alt=\"\"  width=\"1400\" height=\"539\" data-bgposition=\"center center\" data-bgfit=\"cover\" data-bgrepeat=\"no-repeat\" class=\"rev-slidebg\" data-no-retina>\n\t\t<!-- LAYERS -->\n\t<\/li>\n\t<!-- SLIDE  -->\n\t<li data-index=\"rs-36\" data-transition=\"fade\" data-slotamount=\"default\"  data-easein=\"default\" data-easeout=\"default\" data-masterspeed=\"default\"  data-thumb=\"https:\/\/www.ivic.hr\/wp-content\/uploads\/2015\/10\/20140712_184657-80x40.jpg\"  data-rotate=\"0\"  data-saveperformance=\"off\"  data-title=\"Slide\" data-description=\"\">\n\t\t<!-- MAIN IMAGE -->\n\t\t<img src=\"https:\/\/www.ivic.hr\/wp-content\/uploads\/2015\/10\/20140712_184657.jpg\"  alt=\"\"  width=\"1400\" height=\"539\" data-bgposition=\"center center\" data-bgfit=\"cover\" data-bgrepeat=\"no-repeat\" class=\"rev-slidebg\" data-no-retina>\n\t\t<!-- LAYERS -->\n\t<\/li>\n\t<!-- SLIDE  -->\n\t<li data-index=\"rs-38\" data-transition=\"random\" data-slotamount=\"7\"  data-easein=\"default\" data-easeout=\"default\" data-masterspeed=\"300\"  data-thumb=\"https:\/\/www.ivic.hr\/wp-content\/uploads\/2015\/10\/RuzicaKristijan-0454-80x40.jpg\"  data-rotate=\"0\"  data-saveperformance=\"off\"  data-title=\"Slide\" data-description=\"\">\n\t\t<!-- MAIN IMAGE -->\n\t\t<img src=\"https:\/\/www.ivic.hr\/wp-content\/uploads\/2015\/10\/RuzicaKristijan-0454.jpg\"  alt=\"\"  width=\"1700\" height=\"654\" data-bgposition=\"center center\" data-bgfit=\"cover\" data-bgrepeat=\"no-repeat\" class=\"rev-slidebg\" data-no-retina>\n\t\t<!-- LAYERS -->\n\t<\/li>\n\t<!-- SLIDE  -->\n\t<li data-index=\"rs-42\" data-transition=\"random\" data-slotamount=\"7\"  data-easein=\"default\" data-easeout=\"default\" data-masterspeed=\"300\"  data-thumb=\"https:\/\/www.ivic.hr\/wp-content\/uploads\/2015\/10\/RuzicaKristijan-0466-80x40.jpg\"  data-rotate=\"0\"  data-saveperformance=\"off\"  data-title=\"Slide\" data-description=\"\">\n\t\t<!-- MAIN IMAGE -->\n\t\t<img src=\"https:\/\/www.ivic.hr\/wp-content\/uploads\/2015\/10\/RuzicaKristijan-0466.jpg\"  alt=\"\"  width=\"1700\" height=\"654\" data-bgposition=\"center center\" data-bgfit=\"cover\" data-bgrepeat=\"no-repeat\" class=\"rev-slidebg\" data-no-retina>\n\t\t<!-- LAYERS -->\n\t<\/li>\n\t<!-- SLIDE  -->\n\t<li data-index=\"rs-45\" data-transition=\"random\" data-slotamount=\"7\"  data-easein=\"default\" data-easeout=\"default\" data-masterspeed=\"300\"  data-thumb=\"https:\/\/www.ivic.hr\/wp-content\/uploads\/2015\/10\/RuzicaKristijan-0471-80x40.jpg\"  data-rotate=\"0\"  data-saveperformance=\"off\"  data-title=\"Slide\" data-description=\"\">\n\t\t<!-- MAIN IMAGE -->\n\t\t<img src=\"https:\/\/www.ivic.hr\/wp-content\/uploads\/2015\/10\/RuzicaKristijan-0471.jpg\"  alt=\"\"  width=\"1700\" height=\"654\" data-bgposition=\"center center\" data-bgfit=\"cover\" data-bgrepeat=\"no-repeat\" class=\"rev-slidebg\" data-no-retina>\n\t\t<!-- LAYERS -->\n\t<\/li>\n\t<!-- SLIDE  -->\n\t<li data-index=\"rs-53\" data-transition=\"random\" data-slotamount=\"7\"  data-easein=\"default\" data-easeout=\"default\" data-masterspeed=\"300\"  data-thumb=\"https:\/\/www.ivic.hr\/wp-content\/uploads\/2015\/10\/RuzicaKristijan-0629-80x40.jpg\"  data-rotate=\"0\"  data-saveperformance=\"off\"  data-title=\"Slide\" data-description=\"\">\n\t\t<!-- MAIN IMAGE -->\n\t\t<img src=\"https:\/\/www.ivic.hr\/wp-content\/uploads\/2015\/10\/RuzicaKristijan-0629.jpg\"  alt=\"\"  width=\"1600\" height=\"616\" data-bgposition=\"center center\" data-bgfit=\"cover\" data-bgrepeat=\"no-repeat\" class=\"rev-slidebg\" data-no-retina>\n\t\t<!-- LAYERS -->\n\t<\/li>\n\t<!-- SLIDE  -->\n\t<li data-index=\"rs-50\" data-transition=\"random\" data-slotamount=\"7\"  data-easein=\"default\" data-easeout=\"default\" data-masterspeed=\"300\"  data-thumb=\"https:\/\/www.ivic.hr\/wp-content\/uploads\/2015\/10\/RuzicaKristijan-0625-80x40.jpg\"  data-rotate=\"0\"  data-saveperformance=\"off\"  data-title=\"Slide\" data-description=\"\">\n\t\t<!-- MAIN IMAGE -->\n\t\t<img src=\"https:\/\/www.ivic.hr\/wp-content\/uploads\/2015\/10\/RuzicaKristijan-0625.jpg\"  alt=\"\"  width=\"1700\" height=\"654\" data-bgposition=\"center center\" data-bgfit=\"cover\" data-bgrepeat=\"no-repeat\" class=\"rev-slidebg\" data-no-retina>\n\t\t<!-- LAYERS -->\n\t<\/li>\n\t<!-- SLIDE  -->\n\t<li data-index=\"rs-44\" data-transition=\"random\" data-slotamount=\"7\"  data-easein=\"default\" data-easeout=\"default\" data-masterspeed=\"300\"  data-thumb=\"https:\/\/www.ivic.hr\/wp-content\/uploads\/2015\/10\/RuzicaKristijan-0469-80x40.jpg\"  data-rotate=\"0\"  data-saveperformance=\"off\"  data-title=\"Slide\" data-description=\"\">\n\t\t<!-- MAIN IMAGE -->\n\t\t<img src=\"https:\/\/www.ivic.hr\/wp-content\/uploads\/2015\/10\/RuzicaKristijan-0469.jpg\"  alt=\"\"  width=\"1700\" height=\"654\" data-bgposition=\"center center\" data-bgfit=\"cover\" data-bgrepeat=\"no-repeat\" class=\"rev-slidebg\" data-no-retina>\n\t\t<!-- LAYERS -->\n\t<\/li>\n\t<!-- SLIDE  -->\n\t<li data-index=\"rs-41\" data-transition=\"random\" data-slotamount=\"7\"  data-easein=\"default\" data-easeout=\"default\" data-masterspeed=\"300\"  data-thumb=\"https:\/\/www.ivic.hr\/wp-content\/uploads\/2015\/10\/RuzicaKristijan-0463-80x40.jpg\"  data-rotate=\"0\"  data-saveperformance=\"off\"  data-title=\"Slide\" data-description=\"\">\n\t\t<!-- MAIN IMAGE -->\n\t\t<img src=\"https:\/\/www.ivic.hr\/wp-content\/uploads\/2015\/10\/RuzicaKristijan-0463.jpg\"  alt=\"\"  width=\"1700\" height=\"654\" data-bgposition=\"center center\" data-bgfit=\"cover\" data-bgrepeat=\"no-repeat\" class=\"rev-slidebg\" data-no-retina>\n\t\t<!-- LAYERS -->\n\t<\/li>\n\t<!-- SLIDE  -->\n\t<li data-index=\"rs-39\" data-transition=\"random\" data-slotamount=\"7\"  data-easein=\"default\" data-easeout=\"default\" data-masterspeed=\"300\"  data-thumb=\"https:\/\/www.ivic.hr\/wp-content\/uploads\/2015\/10\/RuzicaKristijan-0456-80x40.jpg\"  data-rotate=\"0\"  data-saveperformance=\"off\"  data-title=\"Slide\" data-description=\"\">\n\t\t<!-- MAIN IMAGE -->\n\t\t<img src=\"https:\/\/www.ivic.hr\/wp-content\/uploads\/2015\/10\/RuzicaKristijan-0456.jpg\"  alt=\"\"  width=\"1700\" height=\"654\" data-bgposition=\"center center\" data-bgfit=\"cover\" data-bgrepeat=\"no-repeat\" class=\"rev-slidebg\" data-no-retina>\n\t\t<!-- LAYERS -->\n\t<\/li>\n\t<!-- SLIDE  -->\n\t<li data-index=\"rs-46\" data-transition=\"random\" data-slotamount=\"7\"  data-easein=\"default\" data-easeout=\"default\" data-masterspeed=\"300\"  data-thumb=\"https:\/\/www.ivic.hr\/wp-content\/uploads\/2015\/10\/RuzicaKristijan-0472-80x40.jpg\"  data-rotate=\"0\"  data-saveperformance=\"off\"  data-title=\"Slide\" data-description=\"\">\n\t\t<!-- MAIN IMAGE -->\n\t\t<img src=\"https:\/\/www.ivic.hr\/wp-content\/uploads\/2015\/10\/RuzicaKristijan-0472.jpg\"  alt=\"\"  width=\"1700\" height=\"654\" data-bgposition=\"center center\" data-bgfit=\"cover\" data-bgrepeat=\"no-repeat\" class=\"rev-slidebg\" data-no-retina>\n\t\t<!-- LAYERS -->\n\t<\/li>\n<\/ul>\n<div class=\"tp-bannertimer\" style=\"height: 4px; background-color: rgba(180, 219, 52, 0.60);\"><\/div>\t<\/div>\n<script>var htmlDiv = document.getElementById(\"rs-plugin-settings-inline-css\"); var htmlDivCss=\"\";\r\n\t\t\t\tif(htmlDiv) {\r\n\t\t\t\t\thtmlDiv.innerHTML = htmlDiv.innerHTML + htmlDivCss;\r\n\t\t\t\t}\r\n\t\t\t\telse{\r\n\t\t\t\t\tvar htmlDiv = document.createElement(\"div\");\r\n\t\t\t\t\thtmlDiv.innerHTML = \"<style>\" + htmlDivCss + \"<\/style>\";\r\n\t\t\t\t\tdocument.getElementsByTagName(\"head\")[0].appendChild(htmlDiv.childNodes[0]);\r\n\t\t\t\t}\r\n\t\t\t<\/script>\n\t\t<script type=\"text\/javascript\">\r\n\t\t\t\t\t\t\/******************************************\r\n\t\t\t\t-\tPREPARE PLACEHOLDER FOR SLIDER\t-\r\n\t\t\t******************************************\/\r\n\r\n\t\t\tvar setREVStartSize=function(){\r\n\t\t\t\ttry{var e=new Object,i=jQuery(window).width(),t=9999,r=0,n=0,l=0,f=0,s=0,h=0;\r\n\t\t\t\t\te.c = jQuery('#rev_slider_6_1');\r\n\t\t\t\t\te.responsiveLevels = [1240,1024,1024,1024];\r\n\t\t\t\t\te.gridwidth = [1240,1024,778,480];\r\n\t\t\t\t\te.gridheight = [650,650,960,720];\r\n\t\t\t\t\t\t\t\r\n\t\t\t\t\te.sliderLayout = \"fullwidth\";\r\n\t\t\t\t\tif(e.responsiveLevels&&(jQuery.each(e.responsiveLevels,function(e,f){f>i&&(t=r=f,l=e),i>f&&f>r&&(r=f,n=e)}),t>r&&(l=n)),f=e.gridheight[l]||e.gridheight[0]||e.gridheight,s=e.gridwidth[l]||e.gridwidth[0]||e.gridwidth,h=i\/s,h=h>1?1:h,f=Math.round(h*f),\"fullscreen\"==e.sliderLayout){var u=(e.c.width(),jQuery(window).height());if(void 0!=e.fullScreenOffsetContainer){var c=e.fullScreenOffsetContainer.split(\",\");if (c) jQuery.each(c,function(e,i){u=jQuery(i).length>0?u-jQuery(i).outerHeight(!0):u}),e.fullScreenOffset.split(\"%\").length>1&&void 0!=e.fullScreenOffset&&e.fullScreenOffset.length>0?u-=jQuery(window).height()*parseInt(e.fullScreenOffset,0)\/100:void 0!=e.fullScreenOffset&&e.fullScreenOffset.length>0&&(u-=parseInt(e.fullScreenOffset,0))}f=u}else void 0!=e.minHeight&&f<e.minHeight&&(f=e.minHeight);e.c.closest(\".rev_slider_wrapper\").css({height:f})\r\n\t\t\t\t}catch(d){console.log(\"Failure at Presize of Slider:\"+d)}\r\n\t\t\t};\r\n\t\t\t\t\t\t\r\n\t\t\t\t\r\n\t\t\tsetREVStartSize();\r\n\t\t\tfunction revslider_showDoubleJqueryError(sliderID) {\r\n\t\t\t\t\tvar errorMessage = \"Revolution Slider Error: You have some jquery.js library include that comes after the revolution files js include.\";\r\n\t\t\t\t\terrorMessage += \"<br> This includes make eliminates the revolution slider libraries, and make it not work.\";\r\n\t\t\t\t\terrorMessage += \"<br><br> To fix it you can:<br>&nbsp;&nbsp;&nbsp; 1. In the Slider Settings -> Troubleshooting set option:  <strong><b>Put JS Includes To Body<\/b><\/strong> option to true.\";\r\n\t\t\t\t\terrorMessage += \"<br>&nbsp;&nbsp;&nbsp; 2. Find the double jquery.js include and remove it.\";\r\n\t\t\t\t\terrorMessage = \"<span style='font-size:16px;color:#BC0C06;'>\" + errorMessage + \"<\/span>\"\r\n\t\t\t\t\t\tjQuery(sliderID).show().html(errorMessage);\r\n\t\t\t\t}\r\n\t\t\t\t\t\tvar tpj=jQuery;\r\n\t\t\t\r\n\t\t\tvar revapi6;\r\n\t\t\ttpj(document).ready(function() {\n\t\t\t\tif(tpj(\"#rev_slider_6_1\").revolution == undefined){\n\t\t\t\t\trevslider_showDoubleJqueryError(\"#rev_slider_6_1\");\n\t\t\t\t}else{\n\t\t\t\t\trevapi6 = tpj(\"#rev_slider_6_1\").show().revolution({\n\t\t\t\t\t\tsliderType:\"standard\",\n\t\t\t\t\t\tjsFileLocation:\"https:\/\/www.ivic.hr\/wp-content\/plugins\/revslider\/public\/assets\/js\/\",\n\t\t\t\t\t\tsliderLayout:\"fullwidth\",\n\t\t\t\t\t\tdottedOverlay:\"none\",\n\t\t\t\t\t\tdelay:3000,\n\t\t\t\t\t\tnavigation: {\n\t\t\t\t\t\t\tkeyboardNavigation:\"on\",\n\t\t\t\t\t\t\tkeyboard_direction: \"horizontal\",\n\t\t\t\t\t\t\tmouseScrollNavigation:\"on\",\n\t\t\t\t\t\t\tonHoverStop:\"on\",\n\t\t\t\t\t\t\ttouch:{\n\t\t\t\t\t\t\t\ttouchenabled:\"on\",\n\t\t\t\t\t\t\t\tswipe_threshold: 75,\n\t\t\t\t\t\t\t\tswipe_min_touches: 50,\n\t\t\t\t\t\t\t\tswipe_direction: \"horizontal\",\n\t\t\t\t\t\t\t\tdrag_block_vertical: false\n\t\t\t\t\t\t\t}\n\t\t\t\t\t\t\t,\n\t\t\t\t\t\t\tarrows: {\n\t\t\t\t\t\t\t\tstyle:\"erinyen\",\n\t\t\t\t\t\t\t\tenable:true,\n\t\t\t\t\t\t\t\thide_onmobile:false,\n\t\t\t\t\t\t\t\thide_onleave:false,\n\t\t\t\t\t\t\t\ttmp:'<div class=\"tp-title-wrap\">  \t<div class=\"tp-arr-imgholder\"><\/div>    <div class=\"tp-arr-img-over\"><\/div>\t<span class=\"tp-arr-titleholder\">{{title}}<\/span> <\/div>',\n\t\t\t\t\t\t\t\tleft: {\n\t\t\t\t\t\t\t\t\th_align:\"left\",\n\t\t\t\t\t\t\t\t\tv_align:\"center\",\n\t\t\t\t\t\t\t\t\th_offset:20,\n\t\t\t\t\t\t\t\t\tv_offset:0\n\t\t\t\t\t\t\t\t},\n\t\t\t\t\t\t\t\tright: {\n\t\t\t\t\t\t\t\t\th_align:\"right\",\n\t\t\t\t\t\t\t\t\tv_align:\"center\",\n\t\t\t\t\t\t\t\t\th_offset:20,\n\t\t\t\t\t\t\t\t\tv_offset:0\n\t\t\t\t\t\t\t\t}\n\t\t\t\t\t\t\t}\n\t\t\t\t\t\t\t,\n\t\t\t\t\t\t\tthumbnails: {\n\t\t\t\t\t\t\t\tstyle:\"custom\",\n\t\t\t\t\t\t\t\tenable:true,\n\t\t\t\t\t\t\t\twidth:100,\n\t\t\t\t\t\t\t\theight:50,\n\t\t\t\t\t\t\t\tmin_width:100,\n\t\t\t\t\t\t\t\twrapper_padding:1,\n\t\t\t\t\t\t\t\twrapper_color:\"transparent\",\n\t\t\t\t\t\t\t\twrapper_opacity:\"0.4\",\n\t\t\t\t\t\t\t\ttmp:'<span class=\"tp-thumb-image\"><\/span>',\n\t\t\t\t\t\t\t\tvisibleAmount:5,\n\t\t\t\t\t\t\t\thide_onmobile:false,\n\t\t\t\t\t\t\t\thide_onleave:false,\n\t\t\t\t\t\t\t\tdirection:\"horizontal\",\n\t\t\t\t\t\t\t\tspan:true,\n\t\t\t\t\t\t\t\tposition:\"inner\",\n\t\t\t\t\t\t\t\tspace:5,\n\t\t\t\t\t\t\t\th_align:\"center\",\n\t\t\t\t\t\t\t\tv_align:\"bottom\",\n\t\t\t\t\t\t\t\th_offset:0,\n\t\t\t\t\t\t\t\tv_offset:20\n\t\t\t\t\t\t\t}\n\t\t\t\t\t\t},\n\t\t\t\t\t\tresponsiveLevels:[1240,1024,1024,1024],\n\t\t\t\t\t\tgridwidth:[1240,1024,778,480],\n\t\t\t\t\t\tgridheight:[650,650,960,720],\n\t\t\t\t\t\tlazyType:\"none\",\n\t\t\t\t\t\tshadow:1,\n\t\t\t\t\t\tspinner:\"spinner2\",\n\t\t\t\t\t\tstopLoop:\"off\",\n\t\t\t\t\t\tstopAfterLoops:-1,\n\t\t\t\t\t\tstopAtSlide:-1,\n\t\t\t\t\t\tshuffle:\"off\",\n\t\t\t\t\t\tautoHeight:\"off\",\n\t\t\t\t\t\thideThumbsOnMobile:\"off\",\n\t\t\t\t\t\thideSliderAtLimit:0,\n\t\t\t\t\t\thideCaptionAtLimit:0,\n\t\t\t\t\t\thideAllCaptionAtLilmit:0,\n\t\t\t\t\t\tdebugMode:false,\n\t\t\t\t\t\tfallbacks: {\n\t\t\t\t\t\t\tsimplifyAll:\"off\",\n\t\t\t\t\t\t\tnextSlideOnWindowFocus:\"off\",\n\t\t\t\t\t\t\tdisableFocusListener:false,\n\t\t\t\t\t\t}\n\t\t\t\t\t});\n\t\t\t\t}\n\t\t\t});\t\/*ready*\/\n\t\t<\/script>\r\n\t\t<script>\r\n\t\t\t\t\tvar htmlDivCss = ' #rev_slider_6_1_wrapper .tp-loader.spinner2{ background-color: #ffffff !important; } ';\r\n\t\t\t\t\tvar htmlDiv = document.getElementById('rs-plugin-settings-inline-css');\r\n\t\t\t\t\tif(htmlDiv) {\r\n\t\t\t\t\t\thtmlDiv.innerHTML = htmlDiv.innerHTML + htmlDivCss;\r\n\t\t\t\t\t}\r\n\t\t\t\t\telse{\r\n\t\t\t\t\t\tvar htmlDiv = document.createElement('div');\r\n\t\t\t\t\t\thtmlDiv.innerHTML = '<style>' + htmlDivCss + '<\/style>';\r\n\t\t\t\t\t\tdocument.getElementsByTagName('head')[0].appendChild(htmlDiv.childNodes[0]);\r\n\t\t\t\t\t}\r\n\t\t\t\t\t<\/script>\r\n\t\t\t\t\t<script>\r\n\t\t\t\t\tvar htmlDivCss = unescape(\".erinyen.tparrows%20%7B%0A%20%20cursor%3Apointer%3B%0A%20%20background%3A%23000%3B%0A%20%20background%3Argba%280%2C0%2C0%2C0.5%29%3B%0A%20%20min-width%3A70px%3B%0A%20%20min-height%3A70px%3B%0A%20%20position%3Aabsolute%3B%0A%20%20display%3Ablock%3B%0A%20%20z-index%3A100%3B%0A%20%20border-radius%3A35px%3B%20%20%20%0A%7D%0A%0A.erinyen.tparrows%3Abefore%20%7B%0A%20%20font-family%3A%20%22revicons%22%3B%0A%20%20font-size%3A20px%3B%0A%20%20color%3A%23fff%3B%0A%20%20display%3Ablock%3B%0A%20%20line-height%3A%2070px%3B%0A%20%20text-align%3A%20center%3B%20%20%20%20%0A%20%20z-index%3A2%3B%0A%20%20position%3Arelative%3B%0A%7D%0A.erinyen.tparrows.tp-leftarrow%3Abefore%20%7B%0A%20%20content%3A%20%22%5Ce824%22%3B%0A%7D%0A.erinyen.tparrows.tp-rightarrow%3Abefore%20%7B%0A%20%20content%3A%20%22%5Ce825%22%3B%0A%7D%0A%0A.erinyen%20.tp-title-wrap%20%7B%20%0A%20%20position%3Aabsolute%3B%0A%20%20z-index%3A1%3B%0A%20%20display%3Ainline-block%3B%0A%20%20background%3A%23000%3B%0A%20%20background%3Argba%280%2C0%2C0%2C0.5%29%3B%0A%20%20min-height%3A70px%3B%0A%20%20line-height%3A70px%3B%0A%20%20top%3A0px%3B%0A%20%20margin-left%3A0px%3B%0A%20%20border-radius%3A35px%3B%0A%20%20overflow%3Ahidden%3B%20%0A%20%20transition%3A%20opacity%200.3s%3B%0A%20%20-webkit-transition%3Aopacity%200.3s%3B%0A%20%20-moz-transition%3Aopacity%200.3s%3B%0A%20%20-webkit-transform%3A%20scale%280%29%3B%0A%20%20-moz-transform%3A%20scale%280%29%3B%0A%20%20transform%3A%20scale%280%29%3B%20%20%0A%20%20visibility%3Ahidden%3B%0A%20%20opacity%3A0%3B%0A%7D%0A%0A.erinyen.tparrows%3Ahover%20.tp-title-wrap%7B%0A%20%20-webkit-transform%3A%20scale%281%29%3B%0A%20%20-moz-transform%3A%20scale%281%29%3B%0A%20%20transform%3A%20scale%281%29%3B%0A%20%20opacity%3A1%3B%0A%20%20visibility%3Avisible%3B%0A%7D%0A%20%20%20%20%20%20%20%20%0A%20.erinyen.tp-rightarrow%20.tp-title-wrap%20%7B%20%0A%20%20%20right%3A0px%3B%0A%20%20%20margin-right%3A0px%3Bmargin-left%3A0px%3B%0A%20%20%20-webkit-transform-origin%3A100%25%2050%25%3B%0A%20%20border-radius%3A35px%3B%0A%20%20padding-right%3A20px%3B%0A%20%20padding-left%3A10px%3B%0A%20%7D%0A%0A%0A.erinyen.tp-leftarrow%20.tp-title-wrap%20%7B%20%0A%20%20%20padding-left%3A20px%3B%0A%20%20padding-right%3A10px%3B%0A%7D%0A%0A.erinyen%20.tp-arr-titleholder%20%7B%0A%20%20letter-spacing%3A%203px%3B%0A%20%20%20position%3Arelative%3B%0A%20%20-webkit-transition%3A%20-webkit-transform%200.3s%3B%0A%20%20transition%3A%20transform%200.3s%3B%0A%20%20transform%3AtranslateX%28200px%29%3B%20%20%0A%20%20text-transform%3Auppercase%3B%0A%20%20color%3A%23fff%3B%0A%20%20font-weight%3A600%3B%0A%20%20font-size%3A13px%3B%0A%20%20line-height%3A70px%3B%0A%20%20white-space%3Anowrap%3B%0A%20%20padding%3A0px%2020px%3B%0A%20%20margin-left%3A11px%3B%0A%20%20opacity%3A0%3B%20%20%0A%7D%0A%0A.erinyen%20.tp-arr-imgholder%20%7B%0A%20%20width%3A100%25%3B%0A%20%20height%3A100%25%3B%0A%20%20position%3Aabsolute%3B%0A%20%20top%3A0px%3B%0A%20%20left%3A0px%3B%0A%20%20background-position%3Acenter%20center%3B%0A%20%20background-size%3Acover%3B%0A%20%20%20%20%7D%0A%20.erinyen%20.tp-arr-img-over%20%7B%0A%20%20%20width%3A100%25%3B%0A%20%20height%3A100%25%3B%0A%20%20position%3Aabsolute%3B%0A%20%20top%3A0px%3B%0A%20%20left%3A0px%3B%0A%20%20%20background%3A%23000%3B%0A%20%20%20background%3Argba%280%2C0%2C0%2C0.5%29%3B%0A%20%20%20%20%20%20%20%20%7D%0A.erinyen.tp-rightarrow%20.tp-arr-titleholder%20%7B%0A%20%20%20transform%3AtranslateX%28-200px%29%3B%20%0A%20%20%20margin-left%3A0px%3B%20margin-right%3A11px%3B%0A%20%20%20%20%20%20%7D%0A%0A.erinyen.tparrows%3Ahover%20.tp-arr-titleholder%20%7B%0A%20%20%20transform%3AtranslateX%280px%29%3B%0A%20%20%20-webkit-transform%3AtranslateX%280px%29%3B%0A%20%20transition-delay%3A%200.1s%3B%0A%20%20opacity%3A1%3B%0A%7D%0A%0A\");\r\n\t\t\t\t\tvar htmlDiv = document.getElementById('rs-plugin-settings-inline-css');\r\n\t\t\t\t\tif(htmlDiv) {\r\n\t\t\t\t\t\thtmlDiv.innerHTML = htmlDiv.innerHTML + htmlDivCss;\r\n\t\t\t\t\t}\r\n\t\t\t\t\telse{\r\n\t\t\t\t\t\tvar htmlDiv = document.createElement('div');\r\n\t\t\t\t\t\thtmlDiv.innerHTML = '<style>' + htmlDivCss + '<\/style>';\r\n\t\t\t\t\t\tdocument.getElementsByTagName('head')[0].appendChild(htmlDiv.childNodes[0]);\r\n\t\t\t\t\t}\r\n\t\t\t\t  <\/script>\r\n\t\t\t\t<\/div><!-- END REVOLUTION SLIDER --><\/div><\/div><\/div><div id=\"pg-98-1\"  class=\"panel-grid panel-has-style\" ><div style=\"background-color: #020202; \" class=\"panel-row-style panel-row-style-for-98-1\" ><div id=\"pgc-98-1-0\"  class=\"panel-grid-cell\" ><div id=\"panel-98-1-0-0\" class=\"so-panel widget widget_text panel-first-child panel-last-child\" data-index=\"1\" ><div class=\"panel-widget-style panel-widget-style-for-98-1-0-0\" >\t\t\t<div class=\"textwidget\"><p>Ovu predivnu lokaciju za vjen\u010danje iz snova Ivi\u0107i su otkrili i ponudili svojim klijentima.<br \/>\nUz atraktivan prostor imanja Ladu\u010d, s uklju\u010denim neizostavnim \u0161atorom, te all-inclusive ekskluzivnom ve\u010derom s pi\u0107em, Ivi\u0107i prvi nastoje razbiti mit o skupom vjen\u010danju na otvorenom<\/p>\n<p>Ivi\u0107i ovu bajku nude uz popularne cijene, koje su usporedive sa klasi\u010dnim svadbama u dvoranama.<\/p>\n<p>Iskoristite ovu priliku i organizirajte vjen\u010danje snova na otovrenom.<\/p>\n<p><iframe loading=\"lazy\" src=\"https:\/\/www.youtube.com\/embed\/rR_ohR5nYLM?feature=oembed\" frameborder=\"0\" gesture=\"media\" allow=\"encrypted-media\" allowfullscreen><\/iframe><\/p>\n<\/div>\n\t\t<\/div><\/div><\/div><\/div><\/div><\/div>","protected":false},"excerpt":{"rendered":"<p>Ovu predivnu lokaciju za vjen\u010danje iz snova Ivi\u0107i su otkrili i ponudili svojim klijentima. Uz atraktivan prostor imanja Ladu\u010d, s uklju\u010denim neizostavnim \u0161atorom, te all-inclusive ekskluzivnom ve\u010derom s pi\u0107em, Ivi\u0107i prvi nastoje razbiti mit o skupom vjen\u010danju na otvorenom Ivi\u0107i ovu bajku nude uz popularne cijene, koje su usporedive sa klasi\u010dnim svadbama u dvoranama. Iskoristite [&hellip;]<\/p>\n","protected":false},"author":1,"featured_media":0,"parent":0,"menu_order":42,"comment_status":"closed","ping_status":"closed","template":"templates\/template-full-notitle.php","meta":[],"_links":{"self":[{"href":"https:\/\/www.ivic.hr\/index.php?rest_route=\/wp\/v2\/pages\/98"}],"collection":[{"href":"https:\/\/www.ivic.hr\/index.php?rest_route=\/wp\/v2\/pages"}],"about":[{"href":"https:\/\/www.ivic.hr\/index.php?rest_route=\/wp\/v2\/types\/page"}],"author":[{"embeddable":true,"href":"https:\/\/www.ivic.hr\/index.php?rest_route=\/wp\/v2\/users\/1"}],"replies":[{"embeddable":true,"href":"https:\/\/www.ivic.hr\/index.php?rest_route=%2Fwp%2Fv2%2Fcomments&post=98"}],"version-history":[{"count":18,"href":"https:\/\/www.ivic.hr\/index.php?rest_route=\/wp\/v2\/pages\/98\/revisions"}],"predecessor-version":[{"id":487,"href":"https:\/\/www.ivic.hr\/index.php?rest_route=\/wp\/v2\/pages\/98\/revisions\/487"}],"wp:attachment":[{"href":"https:\/\/www.ivic.hr\/index.php?rest_route=%2Fwp%2Fv2%2Fmedia&parent=98"}],"curies":[{"name":"wp","href":"https:\/\/api.w.org\/{rel}","templated":true}]}}