{"id":15,"date":"2015-02-25T23:53:15","date_gmt":"2015-02-25T23:53:15","guid":{"rendered":"http:\/\/www.ivic.hr\/?page_id=15"},"modified":"2016-09-30T09:41:54","modified_gmt":"2016-09-30T09:41:54","slug":"catering-banqueting","status":"publish","type":"page","link":"https:\/\/www.ivic.hr\/?page_id=15","title":{"rendered":"Catering &#038; Banqueting"},"content":{"rendered":"<div id=\"pl-15\"  class=\"panel-layout\" ><div id=\"pg-15-0\"  class=\"panel-grid panel-has-style\" ><div class=\"panel-row-style panel-row-style-for-15-0\" ><div id=\"pgc-15-0-0\"  class=\"panel-grid-cell\" ><div id=\"panel-15-0-0-0\" class=\"so-panel widget widget_rev-slider-widget widget_revslider panel-first-child panel-last-child\" data-index=\"0\" >\n<div id=\"rev_slider_1_1_wrapper\" class=\"rev_slider_wrapper fullwidthbanner-container\" style=\"margin:0px auto;background-color:transparent;padding:0px;margin-top:0px;margin-bottom:0px;\">\n<!-- START REVOLUTION SLIDER 5.0.9 fullwidth mode -->\n\t<div id=\"rev_slider_1_1\" class=\"rev_slider fullwidthabanner\" style=\"display:none;\" data-version=\"5.0.9\">\n<ul>\t<!-- SLIDE  -->\n\t<li data-index=\"rs-1\" data-transition=\"fade\" data-slotamount=\"default\"  data-easein=\"default\" data-easeout=\"default\" data-masterspeed=\"default\"  data-thumb=\"https:\/\/www.ivic.hr\/wp-content\/uploads\/2015\/02\/Finger-food-kornetici-21-80x40.jpg\"  data-rotate=\"0\"  data-saveperformance=\"off\"  data-title=\"Slide\" data-description=\"\">\n\t\t<!-- MAIN IMAGE -->\n\t\t<img src=\"https:\/\/www.ivic.hr\/wp-content\/uploads\/2015\/02\/Finger-food-kornetici-21.jpg\"  alt=\"\"  width=\"2000\" height=\"1084\" data-bgposition=\"center center\" data-bgfit=\"cover\" data-bgrepeat=\"no-repeat\" class=\"rev-slidebg\" data-no-retina>\n\t\t<!-- LAYERS -->\n\t<\/li>\n\t<!-- SLIDE  -->\n\t<li data-index=\"rs-2\" data-transition=\"fade\" data-slotamount=\"default\"  data-easein=\"default\" data-easeout=\"default\" data-masterspeed=\"default\"  data-thumb=\"https:\/\/www.ivic.hr\/wp-content\/uploads\/2015\/02\/Finger-food-carpaccio-80x40.jpg\"  data-rotate=\"0\"  data-saveperformance=\"off\"  data-title=\"Slide\" data-description=\"\">\n\t\t<!-- MAIN IMAGE -->\n\t\t<img src=\"https:\/\/www.ivic.hr\/wp-content\/uploads\/2015\/02\/Finger-food-carpaccio.jpg\"  alt=\"\"  width=\"2000\" height=\"1124\" data-bgposition=\"center center\" data-bgfit=\"cover\" data-bgrepeat=\"no-repeat\" class=\"rev-slidebg\" data-no-retina>\n\t\t<!-- LAYERS -->\n\t<\/li>\n\t<!-- SLIDE  -->\n\t<li data-index=\"rs-3\" data-transition=\"random\" data-slotamount=\"7\"  data-easein=\"default\" data-easeout=\"default\" data-masterspeed=\"300\"  data-thumb=\"https:\/\/www.ivic.hr\/wp-content\/uploads\/2015\/02\/2.-Intro-80x40.jpg\"  data-rotate=\"0\"  data-saveperformance=\"off\"  data-title=\"Slide\" data-description=\"\">\n\t\t<!-- MAIN IMAGE -->\n\t\t<img src=\"https:\/\/www.ivic.hr\/wp-content\/uploads\/2015\/02\/2.-Intro.jpg\"  alt=\"\"  width=\"709\" height=\"471\" data-bgposition=\"center center\" data-bgfit=\"cover\" data-bgrepeat=\"no-repeat\" class=\"rev-slidebg\" data-no-retina>\n\t\t<!-- LAYERS -->\n\t<\/li>\n\t<!-- SLIDE  -->\n\t<li data-index=\"rs-4\" data-transition=\"random\" data-slotamount=\"7\"  data-easein=\"default\" data-easeout=\"default\" data-masterspeed=\"300\"  data-thumb=\"https:\/\/www.ivic.hr\/wp-content\/uploads\/2015\/02\/Finger-food-Cvijece-1-80x40.jpg\"  data-rotate=\"0\"  data-saveperformance=\"off\"  data-title=\"Slide\" data-description=\"\">\n\t\t<!-- MAIN IMAGE -->\n\t\t<img src=\"https:\/\/www.ivic.hr\/wp-content\/uploads\/2015\/02\/Finger-food-Cvijece-1.jpg\"  alt=\"\"  width=\"850\" height=\"479\" data-bgposition=\"center center\" data-bgfit=\"cover\" data-bgrepeat=\"no-repeat\" class=\"rev-slidebg\" data-no-retina>\n\t\t<!-- LAYERS -->\n\t<\/li>\n\t<!-- SLIDE  -->\n\t<li data-index=\"rs-5\" data-transition=\"random\" data-slotamount=\"7\"  data-easein=\"default\" data-easeout=\"default\" data-masterspeed=\"300\"  data-thumb=\"https:\/\/www.ivic.hr\/wp-content\/uploads\/2015\/02\/Jagode11-80x40.jpg\"  data-rotate=\"0\"  data-saveperformance=\"off\"  data-title=\"Slide\" data-description=\"\">\n\t\t<!-- MAIN IMAGE -->\n\t\t<img src=\"https:\/\/www.ivic.hr\/wp-content\/uploads\/2015\/02\/Jagode11.jpg\"  alt=\"\"  width=\"1800\" height=\"944\" data-bgposition=\"center center\" data-bgfit=\"cover\" data-bgrepeat=\"no-repeat\" class=\"rev-slidebg\" data-no-retina>\n\t\t<!-- LAYERS -->\n\t<\/li>\n\t<!-- SLIDE  -->\n\t<li data-index=\"rs-6\" data-transition=\"random\" data-slotamount=\"7\"  data-easein=\"default\" data-easeout=\"default\" data-masterspeed=\"300\"  data-thumb=\"https:\/\/www.ivic.hr\/wp-content\/uploads\/2015\/02\/Grisini1-80x40.jpg\"  data-rotate=\"0\"  data-saveperformance=\"off\"  data-title=\"Slide\" data-description=\"\">\n\t\t<!-- MAIN IMAGE -->\n\t\t<img src=\"https:\/\/www.ivic.hr\/wp-content\/uploads\/2015\/02\/Grisini1.jpg\"  alt=\"\"  width=\"1800\" height=\"1042\" data-bgposition=\"center center\" data-bgfit=\"cover\" data-bgrepeat=\"no-repeat\" class=\"rev-slidebg\" data-no-retina>\n\t\t<!-- LAYERS -->\n\t<\/li>\n<\/ul>\n<div class=\"tp-static-layers\">\n\n\t\t<!-- LAYER NR. 1 -->\n\t\t<div class=\"tp-caption IVIC-kvadrat-polusivi tp-shape tp-shapewrapper  tp-resizeme tp-static-layer\" \n\t\t\t id=\"slide-1-layer-3\" \n\t\t\t data-x=\"['left','left','left','left']\" data-hoffset=\"['900','900','900','900']\" \n\t\t\t data-y=\"['top','top','top','top']\" data-voffset=\"['401','401','401','401']\" \n\t\t\t\t\t\tdata-width=\"340\"\n\t\t\tdata-height=\"149\"\n\t\t\tdata-whitespace=\"normal\"\n\t\t\tdata-transform_idle=\"o:1;\"\n \n\t\t\t data-transform_in=\"opacity:0;s:750;e:Power2.easeInOut;\" \n\t\t\t data-transform_out=\"opacity:0;s:300;s:300;\" \n\t\t\tdata-start=\"390\" \n\t\t\tdata-responsive_offset=\"on\" \n\n\t\t\tdata-startslide=\"0\" \n\t\t\tdata-endslide=\"5\" \n\t\t\t\n\t\t\tstyle=\"z-index: 5;font-family:Arial;background-color:rgba(0, 0, 0, 0.45);\"> \n\t\t<\/div>\n\n\t\t<!-- LAYER NR. 2 -->\n\t\t<div class=\"tp-caption IVIC-feature-veliki-zeleni   tp-resizeme tp-static-layer\" \n\t\t\t id=\"slide-1-layer-1\" \n\t\t\t data-x=\"['right','right','right','right']\" data-hoffset=\"['21','21','21','21']\" \n\t\t\t data-y=\"['middle','middle','middle','middle']\" data-voffset=\"['115','115','115','115']\" \n\t\t\t\t\t\tdata-width=\"298\"\n\t\t\tdata-height=\"24\"\n\t\t\tdata-whitespace=\"normal\"\n\t\t\tdata-transform_idle=\"o:1;\"\n \n\t\t\t data-transform_in=\"x:left;s:1500;e:Power2.easeInOut;\" \n\t\t\t data-transform_out=\"s:4300;s:4300;\" \n\t\t\tdata-start=\"0\" \n\t\t\tdata-splitin=\"none\" \n\t\t\tdata-splitout=\"none\" \n\t\t\tdata-actions='[{\"event\":\"click\",\"action\":\"scrollbelow\",\"offset\":\"px\"}]'\n\t\t\tdata-responsive_offset=\"on\" \n\n\t\t\tdata-startslide=\"0\" \n\t\t\tdata-endslide=\"5\" \n\t\t\t\n\t\t\tstyle=\"z-index: 6; min-width: 298px; max-width: 298px; max-width: 24px; max-width: 24px; white-space: normal; line-height: 22px;\">Vrhunski catering je kao kazali\u0161te:  \n\t\t<\/div>\n\n\t\t<!-- LAYER NR. 3 -->\n\t\t<div class=\"tp-caption IVIC-feature-mali-zeleni   tp-resizeme tp-static-layer\" \n\t\t\t id=\"slide-1-layer-2\" \n\t\t\t data-x=\"['right','right','right','right']\" data-hoffset=\"['20','20','20','20']\" \n\t\t\t data-y=\"['middle','middle','middle','middle']\" data-voffset=\"['150','150','150','150']\" \n\t\t\t\t\t\tdata-width=\"329\"\n\t\t\tdata-height=\"33\"\n\t\t\tdata-whitespace=\"normal\"\n\t\t\tdata-transform_idle=\"o:1;\"\n \n\t\t\t data-transform_in=\"z:0;rX:0deg;rY:0;rZ:0;sX:2;sY:2;skX:0;skY:0;opacity:0;s:1000;e:Power2.easeOut;\" \n\t\t\t data-transform_out=\"s:4300;s:4300;\" \n\t\t\t data-mask_in=\"x:0px;y:0px;\" \n\t\t\tdata-start=\"970\" \n\t\t\tdata-splitin=\"none\" \n\t\t\tdata-splitout=\"none\" \n\t\t\tdata-actions='[{\"event\":\"click\",\"action\":\"scrollbelow\",\"offset\":\"px\"}]'\n\t\t\tdata-responsive_offset=\"on\" \n\n\t\t\tdata-startslide=\"0\" \n\t\t\tdata-endslide=\"5\" \n\t\t\t\n\t\t\tstyle=\"z-index: 7; min-width: 329px; max-width: 329px; max-width: 33px; max-width: 33px; white-space: normal;\">Veli\u010danstvena predstava koja kad jednom \npo\u010dne ne zavr\u0161ava do i zadnji gost ne ode...  \n\t\t<\/div>\n\n\t\t<!-- LAYER NR. 4 -->\n\t\t<div class=\"tp-caption IVIC-gumb-vise rev-btn rev-withicon  tp-static-layer\" \n\t\t\t id=\"slide-1-layer-4\" \n\t\t\t data-x=\"['left','left','left','left']\" data-hoffset=\"['1150','1150','1150','1150']\" \n\t\t\t data-y=\"['top','top','top','top']\" data-voffset=\"['500','500','500','500']\" \n\t\t\t\t\t\tdata-width=\"75\"\n\t\t\tdata-height=\"35\"\n\t\t\tdata-whitespace=\"normal\"\n\t\t\tdata-transform_idle=\"o:1;\"\n\t\t\t\tdata-transform_hover=\"o:1;rX:0;rY:0;rZ:0;z:0;s:300;e:Power1.easeInOut;\"\n\t\t\t\tdata-style_hover=\"c:rgba(255, 255, 255, 1.00);bg:rgba(114, 168, 0, 1.00);cursor:pointer;\"\n \n\t\t\t data-transform_in=\"opacity:0;s:300;e:Power2.easeInOut;\" \n\t\t\t data-transform_out=\"opacity:0;s:2;s:2;\" \n\t\t\tdata-start=\"970\" \n\t\t\tdata-splitin=\"none\" \n\t\t\tdata-splitout=\"none\" \n\t\t\tdata-actions='[{\"event\":\"click\",\"action\":\"scrollbelow\",\"offset\":\"px\"}]'\n\t\t\tdata-responsive_offset=\"on\" \n\t\t\tdata-responsive=\"off\"\n\t\t\tdata-startslide=\"0\" \n\t\t\tdata-endslide=\"5\" \n\t\t\t\n\t\t\tstyle=\"z-index: 8; min-width: 75px; max-width: 75px; max-width: 35px; max-width: 35px; white-space: normal;padding:10px 10px 10px 10px;outline:none;box-shadow:none;box-sizing:border-box;-moz-box-sizing:border-box;-webkit-box-sizing:border-box;\">VI\u0160E<i class=\"fa-icon-chevron-down\"><\/i> \n\t\t<\/div>\n<\/div>\n<div class=\"tp-bannertimer\" style=\"height: 4px; background-color: rgba(180, 219, 52, 0.60);\"><\/div>\t<\/div>\n<script>var htmlDiv = document.getElementById(\"rs-plugin-settings-inline-css\"); var htmlDivCss=\".tp-caption.IVIC-gumb-vise,.IVIC-gumb-vise{color:rgba(255,255,255,1.00);font-size:12px;line-height:0px;font-weight:100;font-style:normal;font-family:\\\"Open Sans\\\";padding:13px 13px 13px 13px;text-decoration:none;text-align:left;background-color:rgba(139,192,39,0.50);border-color:rgba(0,0,0,0);border-style:solid;border-width:0px;border-radius:30px 30px 30px 30px;letter-spacing:1px}.tp-caption.IVIC-gumb-vise:hover,.IVIC-gumb-vise:hover{color:rgba(255,255,255,1.00);text-decoration:none;background-color:rgba(114,168,0,1.00);border-color:rgba(0,0,0,0);border-style:solid;border-width:0px;border-radius:30px 30px 30px 30px}.tp-caption.IVIC-feature-veliki-zeleni,.IVIC-feature-veliki-zeleni{color:rgba(176,203,31,1.00);font-size:19px;line-height:22px;font-weight:400;font-style:normal;font-family:\\\"Open Sans\\\";padding:0px 0px 0px 0px;text-decoration:none;text-align:right;background-color:rgba(2,1,1,0);border-color:transparent;border-style:none;border-width:0px;border-radius:0px 0px 0px 0px}.tp-caption.IVIC-feature-mali-zeleni,.IVIC-feature-mali-zeleni{color:rgba(176,203,31,1.00);font-size:15px;line-height:16px;font-weight:400;font-style:normal;font-family:\\\"Open Sans\\\";padding:0px 0px 0px 0px;text-decoration:none;text-align:right;background-color:rgba(2,1,1,0);border-color:transparent;border-style:none;border-width:0px;border-radius:0px 0px 0px 0px}.tp-caption.IVIC-kvadrat-polusivi,.IVIC-kvadrat-polusivi{color:rgba(0,0,0,1.00);font-size:px;line-height:px;font-weight:400;font-style:normal;font-family:;padding:0px 0px 0px 0px;text-decoration:none;text-align:left;background-color:rgba(0,0,0,0.50);border-color:rgba(0,0,0,0);border-style:solid;border-width:0px;border-radius:0px 0px 0px 0px}\";\r\n\t\t\t\tif(htmlDiv) {\r\n\t\t\t\t\thtmlDiv.innerHTML = htmlDiv.innerHTML + htmlDivCss;\r\n\t\t\t\t}\r\n\t\t\t\telse{\r\n\t\t\t\t\tvar htmlDiv = document.createElement(\"div\");\r\n\t\t\t\t\thtmlDiv.innerHTML = \"<style>\" + htmlDivCss + \"<\/style>\";\r\n\t\t\t\t\tdocument.getElementsByTagName(\"head\")[0].appendChild(htmlDiv.childNodes[0]);\r\n\t\t\t\t}\r\n\t\t\t<\/script>\n\t\t<script type=\"text\/javascript\">\r\n\t\t\t\t\t\t\/******************************************\r\n\t\t\t\t-\tPREPARE PLACEHOLDER FOR SLIDER\t-\r\n\t\t\t******************************************\/\r\n\r\n\t\t\tvar setREVStartSize=function(){\r\n\t\t\t\ttry{var e=new Object,i=jQuery(window).width(),t=9999,r=0,n=0,l=0,f=0,s=0,h=0;\r\n\t\t\t\t\te.c = jQuery('#rev_slider_1_1');\r\n\t\t\t\t\te.responsiveLevels = [1240,1024,1024,1024];\r\n\t\t\t\t\te.gridwidth = [1240,1024,778,480];\r\n\t\t\t\t\te.gridheight = [650,650,960,720];\r\n\t\t\t\t\t\t\t\r\n\t\t\t\t\te.sliderLayout = \"fullwidth\";\r\n\t\t\t\t\tif(e.responsiveLevels&&(jQuery.each(e.responsiveLevels,function(e,f){f>i&&(t=r=f,l=e),i>f&&f>r&&(r=f,n=e)}),t>r&&(l=n)),f=e.gridheight[l]||e.gridheight[0]||e.gridheight,s=e.gridwidth[l]||e.gridwidth[0]||e.gridwidth,h=i\/s,h=h>1?1:h,f=Math.round(h*f),\"fullscreen\"==e.sliderLayout){var u=(e.c.width(),jQuery(window).height());if(void 0!=e.fullScreenOffsetContainer){var c=e.fullScreenOffsetContainer.split(\",\");if (c) jQuery.each(c,function(e,i){u=jQuery(i).length>0?u-jQuery(i).outerHeight(!0):u}),e.fullScreenOffset.split(\"%\").length>1&&void 0!=e.fullScreenOffset&&e.fullScreenOffset.length>0?u-=jQuery(window).height()*parseInt(e.fullScreenOffset,0)\/100:void 0!=e.fullScreenOffset&&e.fullScreenOffset.length>0&&(u-=parseInt(e.fullScreenOffset,0))}f=u}else void 0!=e.minHeight&&f<e.minHeight&&(f=e.minHeight);e.c.closest(\".rev_slider_wrapper\").css({height:f})\r\n\t\t\t\t}catch(d){console.log(\"Failure at Presize of Slider:\"+d)}\r\n\t\t\t};\r\n\t\t\t\t\t\t\r\n\t\t\t\t\r\n\t\t\tsetREVStartSize();\r\n\t\t\tfunction revslider_showDoubleJqueryError(sliderID) {\r\n\t\t\t\t\tvar errorMessage = \"Revolution Slider Error: You have some jquery.js library include that comes after the revolution files js include.\";\r\n\t\t\t\t\terrorMessage += \"<br> This includes make eliminates the revolution slider libraries, and make it not work.\";\r\n\t\t\t\t\terrorMessage += \"<br><br> To fix it you can:<br>&nbsp;&nbsp;&nbsp; 1. In the Slider Settings -> Troubleshooting set option:  <strong><b>Put JS Includes To Body<\/b><\/strong> option to true.\";\r\n\t\t\t\t\terrorMessage += \"<br>&nbsp;&nbsp;&nbsp; 2. Find the double jquery.js include and remove it.\";\r\n\t\t\t\t\terrorMessage = \"<span style='font-size:16px;color:#BC0C06;'>\" + errorMessage + \"<\/span>\"\r\n\t\t\t\t\t\tjQuery(sliderID).show().html(errorMessage);\r\n\t\t\t\t}\r\n\t\t\t\t\t\tvar tpj=jQuery;\r\n\t\t\t\r\n\t\t\tvar revapi1;\r\n\t\t\ttpj(document).ready(function() {\n\t\t\t\tif(tpj(\"#rev_slider_1_1\").revolution == undefined){\n\t\t\t\t\trevslider_showDoubleJqueryError(\"#rev_slider_1_1\");\n\t\t\t\t}else{\n\t\t\t\t\trevapi1 = tpj(\"#rev_slider_1_1\").show().revolution({\n\t\t\t\t\t\tsliderType:\"standard\",\n\t\t\t\t\t\tjsFileLocation:\"https:\/\/www.ivic.hr\/wp-content\/plugins\/revslider\/public\/assets\/js\/\",\n\t\t\t\t\t\tsliderLayout:\"fullwidth\",\n\t\t\t\t\t\tdottedOverlay:\"none\",\n\t\t\t\t\t\tdelay:3000,\n\t\t\t\t\t\tnavigation: {\n\t\t\t\t\t\t\tkeyboardNavigation:\"on\",\n\t\t\t\t\t\t\tkeyboard_direction: \"horizontal\",\n\t\t\t\t\t\t\tmouseScrollNavigation:\"on\",\n\t\t\t\t\t\t\tonHoverStop:\"on\",\n\t\t\t\t\t\t\ttouch:{\n\t\t\t\t\t\t\t\ttouchenabled:\"on\",\n\t\t\t\t\t\t\t\tswipe_threshold: 75,\n\t\t\t\t\t\t\t\tswipe_min_touches: 50,\n\t\t\t\t\t\t\t\tswipe_direction: \"horizontal\",\n\t\t\t\t\t\t\t\tdrag_block_vertical: false\n\t\t\t\t\t\t\t}\n\t\t\t\t\t\t\t,\n\t\t\t\t\t\t\tarrows: {\n\t\t\t\t\t\t\t\tstyle:\"erinyen\",\n\t\t\t\t\t\t\t\tenable:true,\n\t\t\t\t\t\t\t\thide_onmobile:false,\n\t\t\t\t\t\t\t\thide_onleave:false,\n\t\t\t\t\t\t\t\ttmp:'<div class=\"tp-title-wrap\">  \t<div class=\"tp-arr-imgholder\"><\/div>    <div class=\"tp-arr-img-over\"><\/div>\t<span class=\"tp-arr-titleholder\">{{title}}<\/span> <\/div>',\n\t\t\t\t\t\t\t\tleft: {\n\t\t\t\t\t\t\t\t\th_align:\"left\",\n\t\t\t\t\t\t\t\t\tv_align:\"center\",\n\t\t\t\t\t\t\t\t\th_offset:20,\n\t\t\t\t\t\t\t\t\tv_offset:0\n\t\t\t\t\t\t\t\t},\n\t\t\t\t\t\t\t\tright: {\n\t\t\t\t\t\t\t\t\th_align:\"right\",\n\t\t\t\t\t\t\t\t\tv_align:\"center\",\n\t\t\t\t\t\t\t\t\th_offset:20,\n\t\t\t\t\t\t\t\t\tv_offset:0\n\t\t\t\t\t\t\t\t}\n\t\t\t\t\t\t\t}\n\t\t\t\t\t\t\t,\n\t\t\t\t\t\t\tthumbnails: {\n\t\t\t\t\t\t\t\tstyle:\"custom\",\n\t\t\t\t\t\t\t\tenable:true,\n\t\t\t\t\t\t\t\twidth:100,\n\t\t\t\t\t\t\t\theight:50,\n\t\t\t\t\t\t\t\tmin_width:100,\n\t\t\t\t\t\t\t\twrapper_padding:1,\n\t\t\t\t\t\t\t\twrapper_color:\"transparent\",\n\t\t\t\t\t\t\t\twrapper_opacity:\"0.4\",\n\t\t\t\t\t\t\t\ttmp:'<span class=\"tp-thumb-image\"><\/span>',\n\t\t\t\t\t\t\t\tvisibleAmount:5,\n\t\t\t\t\t\t\t\thide_onmobile:false,\n\t\t\t\t\t\t\t\thide_onleave:false,\n\t\t\t\t\t\t\t\tdirection:\"horizontal\",\n\t\t\t\t\t\t\t\tspan:true,\n\t\t\t\t\t\t\t\tposition:\"inner\",\n\t\t\t\t\t\t\t\tspace:5,\n\t\t\t\t\t\t\t\th_align:\"center\",\n\t\t\t\t\t\t\t\tv_align:\"bottom\",\n\t\t\t\t\t\t\t\th_offset:0,\n\t\t\t\t\t\t\t\tv_offset:20\n\t\t\t\t\t\t\t}\n\t\t\t\t\t\t},\n\t\t\t\t\t\tresponsiveLevels:[1240,1024,1024,1024],\n\t\t\t\t\t\tgridwidth:[1240,1024,778,480],\n\t\t\t\t\t\tgridheight:[650,650,960,720],\n\t\t\t\t\t\tlazyType:\"none\",\n\t\t\t\t\t\tshadow:1,\n\t\t\t\t\t\tspinner:\"spinner2\",\n\t\t\t\t\t\tstopLoop:\"off\",\n\t\t\t\t\t\tstopAfterLoops:-1,\n\t\t\t\t\t\tstopAtSlide:-1,\n\t\t\t\t\t\tshuffle:\"off\",\n\t\t\t\t\t\tautoHeight:\"off\",\n\t\t\t\t\t\thideThumbsOnMobile:\"off\",\n\t\t\t\t\t\thideSliderAtLimit:0,\n\t\t\t\t\t\thideCaptionAtLimit:0,\n\t\t\t\t\t\thideAllCaptionAtLilmit:0,\n\t\t\t\t\t\tdebugMode:false,\n\t\t\t\t\t\tfallbacks: {\n\t\t\t\t\t\t\tsimplifyAll:\"off\",\n\t\t\t\t\t\t\tnextSlideOnWindowFocus:\"off\",\n\t\t\t\t\t\t\tdisableFocusListener:false,\n\t\t\t\t\t\t}\n\t\t\t\t\t});\n\t\t\t\t}\n\t\t\t});\t\/*ready*\/\n\t\t<\/script>\r\n\t\t<script>\r\n\t\t\t\t\tvar htmlDivCss = ' #rev_slider_1_1_wrapper .tp-loader.spinner2{ background-color: #ffffff !important; } ';\r\n\t\t\t\t\tvar htmlDiv = document.getElementById('rs-plugin-settings-inline-css');\r\n\t\t\t\t\tif(htmlDiv) {\r\n\t\t\t\t\t\thtmlDiv.innerHTML = htmlDiv.innerHTML + htmlDivCss;\r\n\t\t\t\t\t}\r\n\t\t\t\t\telse{\r\n\t\t\t\t\t\tvar htmlDiv = document.createElement('div');\r\n\t\t\t\t\t\thtmlDiv.innerHTML = '<style>' + htmlDivCss + '<\/style>';\r\n\t\t\t\t\t\tdocument.getElementsByTagName('head')[0].appendChild(htmlDiv.childNodes[0]);\r\n\t\t\t\t\t}\r\n\t\t\t\t\t<\/script>\r\n\t\t\t\t\t<script>\r\n\t\t\t\t\tvar htmlDivCss = unescape(\".erinyen.tparrows%20%7B%0A%20%20cursor%3Apointer%3B%0A%20%20background%3A%23000%3B%0A%20%20background%3Argba%280%2C0%2C0%2C0.5%29%3B%0A%20%20min-width%3A70px%3B%0A%20%20min-height%3A70px%3B%0A%20%20position%3Aabsolute%3B%0A%20%20display%3Ablock%3B%0A%20%20z-index%3A100%3B%0A%20%20border-radius%3A35px%3B%20%20%20%0A%7D%0A%0A.erinyen.tparrows%3Abefore%20%7B%0A%20%20font-family%3A%20%22revicons%22%3B%0A%20%20font-size%3A20px%3B%0A%20%20color%3A%23fff%3B%0A%20%20display%3Ablock%3B%0A%20%20line-height%3A%2070px%3B%0A%20%20text-align%3A%20center%3B%20%20%20%20%0A%20%20z-index%3A2%3B%0A%20%20position%3Arelative%3B%0A%7D%0A.erinyen.tparrows.tp-leftarrow%3Abefore%20%7B%0A%20%20content%3A%20%22%5Ce824%22%3B%0A%7D%0A.erinyen.tparrows.tp-rightarrow%3Abefore%20%7B%0A%20%20content%3A%20%22%5Ce825%22%3B%0A%7D%0A%0A.erinyen%20.tp-title-wrap%20%7B%20%0A%20%20position%3Aabsolute%3B%0A%20%20z-index%3A1%3B%0A%20%20display%3Ainline-block%3B%0A%20%20background%3A%23000%3B%0A%20%20background%3Argba%280%2C0%2C0%2C0.5%29%3B%0A%20%20min-height%3A70px%3B%0A%20%20line-height%3A70px%3B%0A%20%20top%3A0px%3B%0A%20%20margin-left%3A0px%3B%0A%20%20border-radius%3A35px%3B%0A%20%20overflow%3Ahidden%3B%20%0A%20%20transition%3A%20opacity%200.3s%3B%0A%20%20-webkit-transition%3Aopacity%200.3s%3B%0A%20%20-moz-transition%3Aopacity%200.3s%3B%0A%20%20-webkit-transform%3A%20scale%280%29%3B%0A%20%20-moz-transform%3A%20scale%280%29%3B%0A%20%20transform%3A%20scale%280%29%3B%20%20%0A%20%20visibility%3Ahidden%3B%0A%20%20opacity%3A0%3B%0A%7D%0A%0A.erinyen.tparrows%3Ahover%20.tp-title-wrap%7B%0A%20%20-webkit-transform%3A%20scale%281%29%3B%0A%20%20-moz-transform%3A%20scale%281%29%3B%0A%20%20transform%3A%20scale%281%29%3B%0A%20%20opacity%3A1%3B%0A%20%20visibility%3Avisible%3B%0A%7D%0A%20%20%20%20%20%20%20%20%0A%20.erinyen.tp-rightarrow%20.tp-title-wrap%20%7B%20%0A%20%20%20right%3A0px%3B%0A%20%20%20margin-right%3A0px%3Bmargin-left%3A0px%3B%0A%20%20%20-webkit-transform-origin%3A100%25%2050%25%3B%0A%20%20border-radius%3A35px%3B%0A%20%20padding-right%3A20px%3B%0A%20%20padding-left%3A10px%3B%0A%20%7D%0A%0A%0A.erinyen.tp-leftarrow%20.tp-title-wrap%20%7B%20%0A%20%20%20padding-left%3A20px%3B%0A%20%20padding-right%3A10px%3B%0A%7D%0A%0A.erinyen%20.tp-arr-titleholder%20%7B%0A%20%20letter-spacing%3A%203px%3B%0A%20%20%20position%3Arelative%3B%0A%20%20-webkit-transition%3A%20-webkit-transform%200.3s%3B%0A%20%20transition%3A%20transform%200.3s%3B%0A%20%20transform%3AtranslateX%28200px%29%3B%20%20%0A%20%20text-transform%3Auppercase%3B%0A%20%20color%3A%23fff%3B%0A%20%20font-weight%3A600%3B%0A%20%20font-size%3A13px%3B%0A%20%20line-height%3A70px%3B%0A%20%20white-space%3Anowrap%3B%0A%20%20padding%3A0px%2020px%3B%0A%20%20margin-left%3A11px%3B%0A%20%20opacity%3A0%3B%20%20%0A%7D%0A%0A.erinyen%20.tp-arr-imgholder%20%7B%0A%20%20width%3A100%25%3B%0A%20%20height%3A100%25%3B%0A%20%20position%3Aabsolute%3B%0A%20%20top%3A0px%3B%0A%20%20left%3A0px%3B%0A%20%20background-position%3Acenter%20center%3B%0A%20%20background-size%3Acover%3B%0A%20%20%20%20%7D%0A%20.erinyen%20.tp-arr-img-over%20%7B%0A%20%20%20width%3A100%25%3B%0A%20%20height%3A100%25%3B%0A%20%20position%3Aabsolute%3B%0A%20%20top%3A0px%3B%0A%20%20left%3A0px%3B%0A%20%20%20background%3A%23000%3B%0A%20%20%20background%3Argba%280%2C0%2C0%2C0.5%29%3B%0A%20%20%20%20%20%20%20%20%7D%0A.erinyen.tp-rightarrow%20.tp-arr-titleholder%20%7B%0A%20%20%20transform%3AtranslateX%28-200px%29%3B%20%0A%20%20%20margin-left%3A0px%3B%20margin-right%3A11px%3B%0A%20%20%20%20%20%20%7D%0A%0A.erinyen.tparrows%3Ahover%20.tp-arr-titleholder%20%7B%0A%20%20%20transform%3AtranslateX%280px%29%3B%0A%20%20%20-webkit-transform%3AtranslateX%280px%29%3B%0A%20%20transition-delay%3A%200.1s%3B%0A%20%20opacity%3A1%3B%0A%7D%0A%0A\");\r\n\t\t\t\t\tvar htmlDiv = document.getElementById('rs-plugin-settings-inline-css');\r\n\t\t\t\t\tif(htmlDiv) {\r\n\t\t\t\t\t\thtmlDiv.innerHTML = htmlDiv.innerHTML + htmlDivCss;\r\n\t\t\t\t\t}\r\n\t\t\t\t\telse{\r\n\t\t\t\t\t\tvar htmlDiv = document.createElement('div');\r\n\t\t\t\t\t\thtmlDiv.innerHTML = '<style>' + htmlDivCss + '<\/style>';\r\n\t\t\t\t\t\tdocument.getElementsByTagName('head')[0].appendChild(htmlDiv.childNodes[0]);\r\n\t\t\t\t\t}\r\n\t\t\t\t  <\/script>\r\n\t\t\t\t<\/div><!-- END REVOLUTION SLIDER --><\/div><\/div><\/div><\/div><div id=\"pg-15-1\"  class=\"panel-grid panel-no-style\" ><div id=\"pgc-15-1-0\"  class=\"panel-grid-cell\" ><div id=\"panel-15-1-0-0\" class=\"so-panel widget widget_text panel-first-child panel-last-child\" data-index=\"1\" ><div class=\"panel-widget-style panel-widget-style-for-15-1-0-0\" >\t\t\t<div class=\"textwidget\"><p>Catering & Banqueting<\/p>\n<p>Vrhunski catering je kao kazali\u0161te:<br \/>\nVeli\u010danstvena predstava koja kad jednom po\u010dne ne zavr\u0161ava do i zadnji gost ne ode... <\/p>\n<p>U cateringu i banquetingu Ivi\u0107 za Va\u0161e domjenke, doga\u0111anja i party-je obitelj Ivi\u0107 nudi hranu koja se naslanja na izvornu i zdravu mediteransku tradiciju upotpunjenu novim idejama.<br \/>\nOpsjednuti su kori\u0161tenjem samo najsvje\u017eijih namirnica.<br \/>\nOni \u0107e u\u010diniti sve da Vas svaki put iznova iznenade i odu\u0161eve Va\u0161a \u010dula za okus.<br \/>\nIvi\u0107i znaju da moderni caternig majstori moraju kreirati menu-e tako da svi u\u017eivaju, konstantno oslu\u0161kuju\u0107i trendove, vode\u0107i ra\u010duna o bud\u017eetu i pru\u017eaju\u0107i punu pa\u017enju detaljima.<br \/>\nNjihovi klijenti su ponekad velike ili male uspje\u0161ne tvrtke i institucije, a ponekad privatne osobe. Oni se u Catering Ivi\u0107 dolaze dogovoriti za doga\u0111anja koja im najvi\u0161e zna\u010de.<br \/>\nTo mo\u017ee biti sve\u010dana promocija, proslava uspje\u0161nih poslovnih rezultata, nenametljiva zakuska uz prezentaciju va\u0161ih proizvoda, rasko\u0161ni prijem za vjen\u010danje, veseli dje\u010dji ro\u0111endan, banquet na otovrenom ili intimna ve\u010dernja zabava za stare prijatelje. <\/p>\n<p>Catering Ivi\u0107 razumije specifi\u010dnosti svakog doga\u0111anja i ne podnosi prosje\u010dnost kao \u0161to ju ne mogu podnijeti ni klijenti za koje radi.<br \/>\nNjegovo uvijek nasmijano, susretljivo i profesionalno osoblje uvijek \u0107e maksimalno iza\u0107i u susret svim Va\u0161im \u017eeljama.<\/p>\n<\/div>\n\t\t<\/div><\/div><\/div><\/div><\/div>","protected":false},"excerpt":{"rendered":"<p>Catering &#038; Banqueting Vrhunski catering je kao kazali\u0161te: Veli\u010danstvena predstava koja kad jednom po\u010dne ne zavr\u0161ava do i zadnji gost ne ode&#8230; U cateringu i banquetingu Ivi\u0107 za Va\u0161e domjenke, doga\u0111anja i party-je obitelj Ivi\u0107 nudi hranu koja se naslanja na izvornu i zdravu mediteransku tradiciju upotpunjenu novim idejama. Opsjednuti su kori\u0161tenjem samo najsvje\u017eijih namirnica. [&hellip;]<\/p>\n","protected":false},"author":1,"featured_media":0,"parent":0,"menu_order":3,"comment_status":"closed","ping_status":"closed","template":"home-panels.php","meta":[],"_links":{"self":[{"href":"https:\/\/www.ivic.hr\/index.php?rest_route=\/wp\/v2\/pages\/15"}],"collection":[{"href":"https:\/\/www.ivic.hr\/index.php?rest_route=\/wp\/v2\/pages"}],"about":[{"href":"https:\/\/www.ivic.hr\/index.php?rest_route=\/wp\/v2\/types\/page"}],"author":[{"embeddable":true,"href":"https:\/\/www.ivic.hr\/index.php?rest_route=\/wp\/v2\/users\/1"}],"replies":[{"embeddable":true,"href":"https:\/\/www.ivic.hr\/index.php?rest_route=%2Fwp%2Fv2%2Fcomments&post=15"}],"version-history":[{"count":21,"href":"https:\/\/www.ivic.hr\/index.php?rest_route=\/wp\/v2\/pages\/15\/revisions"}],"predecessor-version":[{"id":189,"href":"https:\/\/www.ivic.hr\/index.php?rest_route=\/wp\/v2\/pages\/15\/revisions\/189"}],"wp:attachment":[{"href":"https:\/\/www.ivic.hr\/index.php?rest_route=%2Fwp%2Fv2%2Fmedia&parent=15"}],"curies":[{"name":"wp","href":"https:\/\/api.w.org\/{rel}","templated":true}]}}